{"id":11211,"date":"2024-04-09T11:33:28","date_gmt":"2024-04-09T09:33:28","guid":{"rendered":"https:\/\/azkan.cat\/?page_id=11211"},"modified":"2024-12-04T19:16:40","modified_gmt":"2024-12-04T18:16:40","slug":"aviso-legal","status":"publish","type":"page","link":"https:\/\/azkan.cat\/es\/aviso-legal\/","title":{"rendered":"aviso legal"},"content":{"rendered":"\t\t<div data-elementor-type=\"wp-page\" data-elementor-id=\"11211\" class=\"elementor elementor-11211 elementor-3\">\n\t\t\t\t<div class=\"elementor-element elementor-element-5acefddf e-flex e-con-boxed e-con e-parent\" data-id=\"5acefddf\" data-element_type=\"container\" data-e-type=\"container\">\n\t\t\t\t\t<div class=\"e-con-inner\">\n\t\t\t\t<div class=\"elementor-element elementor-element-54b705d elementor-widget elementor-widget-text-editor\" data-id=\"54b705d\" data-element_type=\"widget\" data-e-type=\"widget\" data-widget_type=\"text-editor.default\">\n\t\t\t\t<div class=\"elementor-widget-container\">\n\t\t\t\t\t\t\t\t\t\n<p>\u00a0<\/p>\n\n<h2 class=\"wp-block-heading\">Av\u00eds legal<\/h2>\n\n<p>\u00a0<\/p>\n<p>En cumplimiento con el deber de informaci\u00f3n recogido en art\u00edculo 10 de la Ley 34\/2002, de 11 de julio, de Servicios de la Sociedad de la Informaci\u00f3n y del Comercio Electr\u00f3nico (LSSICE), el propietario de la web , le informa de lo siguiente:<\/p>\n<ul>\n<li>Denominaci\u00f3n social: Marterat Ecoturisme, SL<\/li>\n<li>NIF: B06844146<\/li>\n<li>Domicilio: Casa Rectoria 1, Tavascan, 25577 &#8211; \u00a0Lladorre (Lleida)<\/li>\n<\/ul>\n<p>Inscrita en el Registro Mercantil de Lleida al Tomo 1625, folio 48, secci\u00f3n , hoja n\u00famero L-33353, inscripci\u00f3n 1<\/p>\n<p>Con los l\u00edmites establecidos en la ley, Marterat Ecoturisme, SL no asume ninguna responsabilidad derivada de la falta de veracidad, integridad, actualizaci\u00f3n y precisi\u00f3n de los datos o informaciones que contienen sus p\u00e1ginas web.<\/p>\n<p>Los contenidos e informaci\u00f3n no vinculan a Marterat Ecoturisme, SL ni constituyen opiniones, consejos o asesoramiento legal de ning\u00fan tipo pues se trata meramente de un servicio ofrecido con car\u00e1cter informativo y divulgativo.<\/p>\n<p>Las p\u00e1ginas de Internet de Marterat Ecoturisme, SL pueden contener enlaces (links) a otras p\u00e1ginas de terceras partes que Marterat Ecoturisme, SL no puede controlar. Por lo tanto, Marterat Ecoturisme, SL no puede asumir responsabilidades por el contenido que pueda aparecer en p\u00e1ginas de terceros.<\/p>\n<p>Los textos, im\u00e1genes, sonidos, animaciones, software y el resto de contenidos incluidos en este website son propiedad exclusiva de Marterat Ecoturisme, SL o sus licenciantes. Cualquier acto de transmisi\u00f3n, distribuci\u00f3n, cesi\u00f3n, reproducci\u00f3n, almacenamiento o comunicaci\u00f3n p\u00fablica total o parcial, deber\u00e1 contar con el consentimiento expreso de Marterat Ecoturisme, SL.<\/p>\n<p>Asimismo, para acceder a algunos de los servicios que Marterat Ecoturisme, SL ofrece a trav\u00e9s del sitio web, deber\u00e1 proporcionar algunos datos de car\u00e1cter personal. En cumplimiento de lo establecido en el Reglamento (UE) 2016\/679 del Parlamento Europeo y del Consejo, de 27 de abril de 2016, relativo a la protecci\u00f3n de las personas f\u00edsicas en lo que respecta al tratamiento de datos personales y a la libre circulaci\u00f3n de estos datos le informamos que, mediante la cumplimentaci\u00f3n de los presentes formularios, sus datos personales quedar\u00e1n incorporados y ser\u00e1n tratados en los ficheros de Marterat Ecoturisme, SL con el fin de poderle prestar y ofrecer nuestros servicios as\u00ed como para informarle de las mejoras del sitio Web.<\/p>\n<p>Le informamos tambi\u00e9n de que tendr\u00e1 la posibilidad en todo momento de ejercer los derechos de acceso, rectificaci\u00f3n, cancelaci\u00f3n, oposici\u00f3n, limitaci\u00f3n y portabilidad de sus datos de car\u00e1cter personal, de manera gratuita mediante email a: hola@azkan.cat o en la direcci\u00f3n: Casa Rectoria 1, Tavascan, 25577 &#8211; \u00a0Lladorre (Lleida).<\/p>\t\t\t\t\t\t\t\t<\/div>\n\t\t\t\t<\/div>\n\t\t\t\t\t<\/div>\n\t\t\t\t<\/div>\n\t\t\t\t<\/div>\n\t\t","protected":false},"excerpt":{"rendered":"<p>&nbsp; Aviso legal &nbsp; En cumplimiento con el deber de informaci\u00f3n recogido en art\u00edculo 10 de la Ley 34\/2002, de 11 de julio, de Servicios de la Sociedad de la Informaci\u00f3n y del Comercio Electr\u00f3nico (LSSICE), el propietario de la web , le informa de lo siguiente: Denominaci\u00f3n social: Marterat Ecoturisme, SL NIF: B06844146 Domicilio: [&hellip;]<\/p>\n","protected":false},"author":1,"featured_media":0,"parent":0,"menu_order":0,"comment_status":"closed","ping_status":"open","template":"","meta":{"_acf_changed":false,"footnotes":""},"class_list":["post-11211","page","type-page","status-publish","hentry"],"acf":[],"yoast_head":"<!-- This site is optimized with the Yoast SEO plugin v27.4 - https:\/\/yoast.com\/product\/yoast-seo-wordpress\/ -->\n<title>aviso legal - azkan<\/title>\n<meta name=\"robots\" content=\"index, follow, max-snippet:-1, max-image-preview:large, max-video-preview:-1\" \/>\n<link rel=\"canonical\" href=\"https:\/\/azkan.cat\/avis-legal\/\" \/>\n<meta property=\"og:locale\" content=\"es_ES\" \/>\n<meta property=\"og:type\" content=\"article\" \/>\n<meta property=\"og:title\" content=\"aviso legal - azkan\" \/>\n<meta property=\"og:description\" content=\"&nbsp; Aviso legal &nbsp; En cumplimiento con el deber de informaci\u00f3n recogido en art\u00edculo 10 de la Ley 34\/2002, de 11 de julio, de Servicios de la Sociedad de la Informaci\u00f3n y del Comercio Electr\u00f3nico (LSSICE), el propietario de la web , le informa de lo siguiente: Denominaci\u00f3n social: Marterat Ecoturisme, SL NIF: B06844146 Domicilio: [&hellip;]\" \/>\n<meta property=\"og:url\" content=\"https:\/\/azkan.cat\/avis-legal\/\" \/>\n<meta property=\"og:site_name\" content=\"azkan\" \/>\n<meta property=\"article:modified_time\" content=\"2024-12-04T18:16:40+00:00\" \/>\n<meta name=\"twitter:card\" content=\"summary_large_image\" \/>\n<meta name=\"twitter:label1\" content=\"Tiempo de lectura\" \/>\n\t<meta name=\"twitter:data1\" content=\"2 minutos\" \/>\n<script type=\"application\/ld+json\" class=\"yoast-schema-graph\">{\"@context\":\"https:\\\/\\\/schema.org\",\"@graph\":[{\"@type\":\"WebPage\",\"@id\":\"https:\\\/\\\/azkan.cat\\\/avis-legal\\\/\",\"url\":\"https:\\\/\\\/azkan.cat\\\/avis-legal\\\/\",\"name\":\"aviso legal - azkan\",\"isPartOf\":{\"@id\":\"https:\\\/\\\/azkan.cat\\\/es\\\/#website\"},\"datePublished\":\"2024-04-09T09:33:28+00:00\",\"dateModified\":\"2024-12-04T18:16:40+00:00\",\"breadcrumb\":{\"@id\":\"https:\\\/\\\/azkan.cat\\\/avis-legal\\\/#breadcrumb\"},\"inLanguage\":\"es\",\"potentialAction\":[{\"@type\":\"ReadAction\",\"target\":[\"https:\\\/\\\/azkan.cat\\\/avis-legal\\\/\"]}]},{\"@type\":\"BreadcrumbList\",\"@id\":\"https:\\\/\\\/azkan.cat\\\/avis-legal\\\/#breadcrumb\",\"itemListElement\":[{\"@type\":\"ListItem\",\"position\":1,\"name\":\"Inici\",\"item\":\"https:\\\/\\\/azkan.cat\\\/es\\\/\"},{\"@type\":\"ListItem\",\"position\":2,\"name\":\"aviso legal\"}]},{\"@type\":\"WebSite\",\"@id\":\"https:\\\/\\\/azkan.cat\\\/es\\\/#website\",\"url\":\"https:\\\/\\\/azkan.cat\\\/es\\\/\",\"name\":\"azkan\",\"description\":\"Mountain Academy\",\"publisher\":{\"@id\":\"https:\\\/\\\/azkan.cat\\\/es\\\/#organization\"},\"potentialAction\":[{\"@type\":\"SearchAction\",\"target\":{\"@type\":\"EntryPoint\",\"urlTemplate\":\"https:\\\/\\\/azkan.cat\\\/es\\\/?s={search_term_string}\"},\"query-input\":{\"@type\":\"PropertyValueSpecification\",\"valueRequired\":true,\"valueName\":\"search_term_string\"}}],\"inLanguage\":\"es\"},{\"@type\":\"Organization\",\"@id\":\"https:\\\/\\\/azkan.cat\\\/es\\\/#organization\",\"name\":\"azkan\",\"url\":\"https:\\\/\\\/azkan.cat\\\/es\\\/\",\"logo\":{\"@type\":\"ImageObject\",\"inLanguage\":\"es\",\"@id\":\"https:\\\/\\\/azkan.cat\\\/es\\\/#\\\/schema\\\/logo\\\/image\\\/\",\"url\":\"https:\\\/\\\/azkan.cat\\\/wp-content\\\/uploads\\\/2024\\\/12\\\/cropped-logo-azkan-web-black_b.png\",\"contentUrl\":\"https:\\\/\\\/azkan.cat\\\/wp-content\\\/uploads\\\/2024\\\/12\\\/cropped-logo-azkan-web-black_b.png\",\"width\":192,\"height\":56,\"caption\":\"azkan\"},\"image\":{\"@id\":\"https:\\\/\\\/azkan.cat\\\/es\\\/#\\\/schema\\\/logo\\\/image\\\/\"}}]}<\/script>\n<!-- \/ Yoast SEO plugin. -->","yoast_head_json":{"title":"aviso legal - azkan","robots":{"index":"index","follow":"follow","max-snippet":"max-snippet:-1","max-image-preview":"max-image-preview:large","max-video-preview":"max-video-preview:-1"},"canonical":"https:\/\/azkan.cat\/avis-legal\/","og_locale":"es_ES","og_type":"article","og_title":"aviso legal - azkan","og_description":"&nbsp; Aviso legal &nbsp; En cumplimiento con el deber de informaci\u00f3n recogido en art\u00edculo 10 de la Ley 34\/2002, de 11 de julio, de Servicios de la Sociedad de la Informaci\u00f3n y del Comercio Electr\u00f3nico (LSSICE), el propietario de la web , le informa de lo siguiente: Denominaci\u00f3n social: Marterat Ecoturisme, SL NIF: B06844146 Domicilio: [&hellip;]","og_url":"https:\/\/azkan.cat\/avis-legal\/","og_site_name":"azkan","article_modified_time":"2024-12-04T18:16:40+00:00","twitter_card":"summary_large_image","twitter_misc":{"Tiempo de lectura":"2 minutos"},"schema":{"@context":"https:\/\/schema.org","@graph":[{"@type":"WebPage","@id":"https:\/\/azkan.cat\/avis-legal\/","url":"https:\/\/azkan.cat\/avis-legal\/","name":"aviso legal - azkan","isPartOf":{"@id":"https:\/\/azkan.cat\/es\/#website"},"datePublished":"2024-04-09T09:33:28+00:00","dateModified":"2024-12-04T18:16:40+00:00","breadcrumb":{"@id":"https:\/\/azkan.cat\/avis-legal\/#breadcrumb"},"inLanguage":"es","potentialAction":[{"@type":"ReadAction","target":["https:\/\/azkan.cat\/avis-legal\/"]}]},{"@type":"BreadcrumbList","@id":"https:\/\/azkan.cat\/avis-legal\/#breadcrumb","itemListElement":[{"@type":"ListItem","position":1,"name":"Inici","item":"https:\/\/azkan.cat\/es\/"},{"@type":"ListItem","position":2,"name":"aviso legal"}]},{"@type":"WebSite","@id":"https:\/\/azkan.cat\/es\/#website","url":"https:\/\/azkan.cat\/es\/","name":"azkan","description":"Mountain Academy","publisher":{"@id":"https:\/\/azkan.cat\/es\/#organization"},"potentialAction":[{"@type":"SearchAction","target":{"@type":"EntryPoint","urlTemplate":"https:\/\/azkan.cat\/es\/?s={search_term_string}"},"query-input":{"@type":"PropertyValueSpecification","valueRequired":true,"valueName":"search_term_string"}}],"inLanguage":"es"},{"@type":"Organization","@id":"https:\/\/azkan.cat\/es\/#organization","name":"azkan","url":"https:\/\/azkan.cat\/es\/","logo":{"@type":"ImageObject","inLanguage":"es","@id":"https:\/\/azkan.cat\/es\/#\/schema\/logo\/image\/","url":"https:\/\/azkan.cat\/wp-content\/uploads\/2024\/12\/cropped-logo-azkan-web-black_b.png","contentUrl":"https:\/\/azkan.cat\/wp-content\/uploads\/2024\/12\/cropped-logo-azkan-web-black_b.png","width":192,"height":56,"caption":"azkan"},"image":{"@id":"https:\/\/azkan.cat\/es\/#\/schema\/logo\/image\/"}}]}},"_links":{"self":[{"href":"https:\/\/azkan.cat\/es\/wp-json\/wp\/v2\/pages\/11211","targetHints":{"allow":["GET"]}}],"collection":[{"href":"https:\/\/azkan.cat\/es\/wp-json\/wp\/v2\/pages"}],"about":[{"href":"https:\/\/azkan.cat\/es\/wp-json\/wp\/v2\/types\/page"}],"author":[{"embeddable":true,"href":"https:\/\/azkan.cat\/es\/wp-json\/wp\/v2\/users\/1"}],"replies":[{"embeddable":true,"href":"https:\/\/azkan.cat\/es\/wp-json\/wp\/v2\/comments?post=11211"}],"version-history":[{"count":1,"href":"https:\/\/azkan.cat\/es\/wp-json\/wp\/v2\/pages\/11211\/revisions"}],"predecessor-version":[{"id":11212,"href":"https:\/\/azkan.cat\/es\/wp-json\/wp\/v2\/pages\/11211\/revisions\/11212"}],"wp:attachment":[{"href":"https:\/\/azkan.cat\/es\/wp-json\/wp\/v2\/media?parent=11211"}],"curies":[{"name":"wp","href":"https:\/\/api.w.org\/{rel}","templated":true}]}}